{"id":558,"date":"2024-02-26T18:17:00","date_gmt":"2024-02-26T17:17:00","guid":{"rendered":"http:\/\/dentystawarka.pl\/?page_id=558"},"modified":"2024-06-20T21:12:06","modified_gmt":"2024-06-20T19:12:06","slug":"home-new","status":"publish","type":"page","link":"https:\/\/dentystawarka.pl\/","title":{"rendered":"Home New"},"content":{"rendered":"\t\t<div data-elementor-type=\"wp-page\" data-elementor-id=\"558\" class=\"elementor elementor-558\" data-elementor-post-type=\"page\">\n\t\t\t\t\t\t<section class=\"elementor-section elementor-top-section elementor-element elementor-element-ca45c75 elementor-section-full_width elementor-section-height-default elementor-section-height-default\" data-id=\"ca45c75\" data-element_type=\"section\" data-settings=\"{&quot;background_background&quot;:&quot;classic&quot;}\">\n\t\t\t\t\t\t<div class=\"elementor-container elementor-column-gap-default\">\n\t\t\t\t\t<div class=\"elementor-column elementor-col-50 elementor-top-column elementor-element elementor-element-ed138a4\" data-id=\"ed138a4\" data-element_type=\"column\" data-settings=\"{&quot;background_background&quot;:&quot;classic&quot;}\">\n\t\t\t<div class=\"elementor-widget-wrap elementor-element-populated\">\n\t\t\t\t\t\t<div class=\"elementor-element elementor-element-712769a elementor-widget elementor-widget-heading\" data-id=\"712769a\" data-element_type=\"widget\" data-widget_type=\"heading.default\">\n\t\t\t\t<div class=\"elementor-widget-container\">\n\t\t\t\t\t<h2 class=\"elementor-heading-title elementor-size-default\">Zapraszamy do naszej nowoczesnej kliniki stomatologii i ortodoncji!<\/h2>\t\t\t\t<\/div>\n\t\t\t\t<\/div>\n\t\t\t\t<div class=\"elementor-element elementor-element-2a7ccc8 elementor-widget__width-auto elementor-absolute elementor-view-default elementor-widget elementor-widget-icon\" data-id=\"2a7ccc8\" data-element_type=\"widget\" data-settings=\"{&quot;_position&quot;:&quot;absolute&quot;}\" data-widget_type=\"icon.default\">\n\t\t\t\t<div class=\"elementor-widget-container\">\n\t\t\t\t\t\t\t<div class=\"elementor-icon-wrapper\">\n\t\t\t<div class=\"elementor-icon\">\n\t\t\t<svg xmlns=\"http:\/\/www.w3.org\/2000\/svg\" width=\"1200pt\" height=\"1200pt\" viewBox=\"0 0 1200 1200\"><g><path d=\"m278.88 63.238c-72.48 0-131.4 58.922-131.4 131.4 0 68.398 52.559 124.8 119.4 130.8v71.039c-19.078 5.2812-33.238 22.68-33.238 43.441v651.72c0 24.961 20.281 45.238 45.238 45.238 24.961 0 45.238-20.281 45.238-45.238l0.003906-651.71c0-20.762-14.16-38.16-33.238-43.441v-71.039c66.84-6.1211 119.4-62.398 119.4-130.8 0-72.48-58.922-131.4-131.4-131.4zm0 1049.5c-11.762 0-21.238-9.4805-21.238-21.238v-75h42.48v75c0 11.758-9.6016 21.238-21.242 21.238zm21.242-672.84v552.72h-42.48v-552.72c0-11.762 9.4805-21.238 21.238-21.238 11.641-0.003906 21.242 9.4766 21.242 21.238zm-21.242-137.88c-59.281 0-107.4-48.238-107.4-107.4 0-59.281 48.238-107.4 107.4-107.4s107.4 48.238 107.4 107.4c0.003906 59.281-48.117 107.4-107.4 107.4z\"><\/path><path d=\"m1052.5 194.64c0-72.48-58.922-131.4-131.4-131.4-6.6016 0-12 5.3984-12 12 0 6.6016 5.3984 12 12 12 59.281 0 107.4 48.238 107.4 107.4 0 59.281-48.238 107.4-107.4 107.4-6.6016 0-12 5.3984-12 12v82.32c-19.078 5.2812-33.238 22.68-33.238 43.441v651.72c0 24.961 20.281 45.238 45.238 45.238 24.961 0 45.238-20.281 45.238-45.238v-651.6c0-20.762-14.16-38.16-33.238-43.441v-71.039c66.84-6 119.4-62.402 119.4-130.8zm-131.4 918.12c-11.762 0-21.238-9.4805-21.238-21.238v-75h42.48v75c-0.003906 11.758-9.4844 21.238-21.242 21.238zm21.238-672.84v552.72h-42.48v-552.72c0-11.762 9.4805-21.238 21.238-21.238 11.762-0.003906 21.242 9.4766 21.242 21.238z\"><\/path><path d=\"m668.64 173.4-128.76-77.398c-5.6406-3.4805-13.078-1.5586-16.441 4.0781-3.3594 5.6406-1.5586 13.078 4.0781 16.441l116.52 70.078-55.078 64.199c-1.9219 2.1602-2.8789 4.9219-2.8789 7.8008v138.48c-18.121 5.8789-31.32 22.801-31.32 42.84v651.72c0 24.961 20.281 45.238 45.238 45.238 24.961 0 45.238-20.281 45.238-45.238l0.003906-651.71c0-21.48-15.121-39.48-35.16-44.039v-132.84l61.441-71.641c2.2812-2.6406 3.3594-6.2383 2.7617-9.7188-0.60156-3.3594-2.6406-6.4805-5.6406-8.2812zm-68.641 939.36c-11.762 0-21.238-9.4805-21.238-21.238v-75h42.48v75c-0.003907 11.758-9.4805 21.238-21.242 21.238zm21.238-672.84v552.72h-42.48l0.003907-552.72c0-11.762 9.4805-21.238 21.238-21.238 11.762-0.003906 21.238 9.4766 21.238 21.238z\"><\/path><path d=\"m269.88 126.12c-6.7188-0.23828-12.121 4.9219-12.359 11.641-0.23828 6.6016 4.9219 12.121 11.641 12.359 0.48047 0 44.52 1.9219 53.16 36.238 1.3203 5.3984 6.2383 9.1211 11.641 9.1211 0.96094 0 1.9219-0.12109 2.8789-0.35938 6.4805-1.5586 10.32-8.1602 8.7617-14.52-13.082-51.84-73.203-54.363-75.723-54.48z\"><\/path><\/g><\/svg>\t\t\t<\/div>\n\t\t<\/div>\n\t\t\t\t\t\t<\/div>\n\t\t\t\t<\/div>\n\t\t\t\t<div class=\"elementor-element elementor-element-2d8cf7f elementor-widget elementor-widget-text-editor\" data-id=\"2d8cf7f\" data-element_type=\"widget\" data-widget_type=\"text-editor.default\">\n\t\t\t\t<div class=\"elementor-widget-container\">\n\t\t\t\t\t\t\t\t\t<p>Stworzyli\u015bmy dla Pa\u0144stwa miejsce, wyposa\u017cenie w najwy\u017cszej \u00a0klasy sprz\u0119t medyczny. Miejsce, w kt\u00f3rym do\u015bwiadczony zesp\u00f3\u0142 lekarzy uczyni wszystko, aby leczenie przebiega\u0142o w atmosferze komfortu, spokoju oraz pe\u0142nej satysfakcji. Wsp\u00f3lnie zadbamy o Pa\u0144stwa pi\u0119kny u\u015bmiech.<\/p>\t\t\t\t\t\t\t\t<\/div>\n\t\t\t\t<\/div>\n\t\t\t\t<div class=\"elementor-element elementor-element-6d83d80 elementor-widget__width-auto elementor-absolute elementor-view-default elementor-widget elementor-widget-icon\" data-id=\"6d83d80\" data-element_type=\"widget\" data-settings=\"{&quot;_position&quot;:&quot;absolute&quot;,&quot;motion_fx_motion_fx_scrolling&quot;:&quot;yes&quot;,&quot;motion_fx_translateY_effect&quot;:&quot;yes&quot;,&quot;motion_fx_translateY_speed&quot;:{&quot;unit&quot;:&quot;px&quot;,&quot;size&quot;:2.5,&quot;sizes&quot;:[]},&quot;motion_fx_translateY_affectedRange&quot;:{&quot;unit&quot;:&quot;%&quot;,&quot;size&quot;:&quot;&quot;,&quot;sizes&quot;:{&quot;start&quot;:0,&quot;end&quot;:100}},&quot;motion_fx_devices&quot;:[&quot;desktop&quot;,&quot;tablet&quot;,&quot;mobile&quot;]}\" data-widget_type=\"icon.default\">\n\t\t\t\t<div class=\"elementor-widget-container\">\n\t\t\t\t\t\t\t<div class=\"elementor-icon-wrapper\">\n\t\t\t<div class=\"elementor-icon\">\n\t\t\t<svg xmlns=\"http:\/\/www.w3.org\/2000\/svg\" width=\"1200pt\" height=\"1200pt\" viewBox=\"0 0 1200 1200\"><path d=\"m930.72 163.56h-78v-11.398c0-20.641-16.801-37.441-37.441-37.441h-33.602l0.003907-2.8789c0-27-21.961-49.078-49.078-49.078h-127.44c-27 0-49.078 21.961-49.078 49.078v127.44c0 27 21.961 49.078 49.078 49.078h11.398v174.84c-26.879 3-48 25.68-48 53.398v436.2h-34.199c-6.6016 0-12 5.3984-12 12v29.398c-33.961-0.83984-64.801-0.48047-92.16-0.23828-69.48 0.71875-119.64 1.3203-138.36-19.078-8.8789-9.7188-12-25.199-9.7188-48.84 4.1992-42.961 39.84-78.121 77.398-115.2 49.32-48.602 100.32-98.762 90.121-174.36-9.4805-69.719-50.281-108.48-89.762-146.04-35.16-33.359-68.398-64.922-78.84-117.48-1.3203-6.4805-7.6797-10.801-14.039-9.4805-6.4805 1.3203-10.68 7.5586-9.4805 14.16 11.879 60 49.441 95.641 85.801 130.2 38.16 36.238 74.16 70.441 82.441 131.88 8.6406 63.719-36 107.64-83.16 154.08-39.121 38.52-79.441 78.238-84.48 129.96-3 30.84 2.0391 52.32 15.961 67.32 26.039 28.32 77.879 27.719 156.36 26.879 27.359-0.35938 58.078-0.60156 91.922 0.23828v36.48c0 6.6016 5.3984 12 12 12h34.199v13.68c0 29.762 24.238 54 54 54h92.52c29.762 0 54-24.238 54-54l-0.003906-563.64c0-27.719-21.121-50.398-48-53.398v-175.08h11.398c27 0 49.078-21.961 49.078-49.078l0.003906-2.7617h33.602c20.641 0 37.441-16.801 37.441-37.441v-11.398h78c6.6016 0 12-5.3984 12-12 0-6.5977-5.2812-12-11.883-12zm-384.36 879.24v-65.762h22.199v65.762zm198.84-526.08v563.64c0 16.559-13.441 30-30 30h-92.52c-16.559 0-30-13.441-30-30v-563.64c0-16.559 13.441-30 30-30h92.52c16.441-0.11719 30 13.441 30 30zm-48-54.117h-56.52v-174.36h56.52zm60.359-223.32c0 13.801-11.281 25.078-25.078 25.078h-127.32c-13.801 0-25.078-11.281-25.078-25.078l-0.003906-127.44c0-13.801 11.281-25.078 25.078-25.078h127.44c13.801 0 25.078 11.281 25.078 25.078l0.003907 127.44zm71.043-40.32c0 7.4414-6 13.441-13.441 13.441h-33.602v-73.68h33.602c7.4414 0 13.441 6 13.441 13.441z\"><\/path><\/svg>\t\t\t<\/div>\n\t\t<\/div>\n\t\t\t\t\t\t<\/div>\n\t\t\t\t<\/div>\n\t\t\t\t<div class=\"elementor-element elementor-element-92b840b elementor-widget elementor-widget-text-editor\" data-id=\"92b840b\" data-element_type=\"widget\" data-widget_type=\"text-editor.default\">\n\t\t\t\t<div class=\"elementor-widget-container\">\n\t\t\t\t\t\t\t\t\t<p style=\"text-align: right;\">Ma\u0142gorzata P\u0142echa<\/p>\t\t\t\t\t\t\t\t<\/div>\n\t\t\t\t<\/div>\n\t\t\t\t<div class=\"elementor-element elementor-element-7d45c7d elementor-widget elementor-widget-button\" data-id=\"7d45c7d\" data-element_type=\"widget\" data-widget_type=\"button.default\">\n\t\t\t\t<div class=\"elementor-widget-container\">\n\t\t\t\t\t\t\t\t\t<div class=\"elementor-button-wrapper\">\n\t\t\t\t\t<a class=\"elementor-button elementor-button-link elementor-size-sm\" href=\"http:\/\/dentystawarka.pl\/?page_id=366\">\n\t\t\t\t\t\t<span class=\"elementor-button-content-wrapper\">\n\t\t\t\t\t\t\t\t\t<span class=\"elementor-button-text\">Wi\u0119cej o nas<\/span>\n\t\t\t\t\t<\/span>\n\t\t\t\t\t<\/a>\n\t\t\t\t<\/div>\n\t\t\t\t\t\t\t\t<\/div>\n\t\t\t\t<\/div>\n\t\t\t\t\t<\/div>\n\t\t<\/div>\n\t\t\t\t<div class=\"elementor-column elementor-col-50 elementor-top-column elementor-element elementor-element-940347e\" data-id=\"940347e\" data-element_type=\"column\">\n\t\t\t<div class=\"elementor-widget-wrap elementor-element-populated\">\n\t\t\t\t\t\t<div class=\"elementor-element elementor-element-fdf4d4e elementor-widget elementor-widget-image\" data-id=\"fdf4d4e\" data-element_type=\"widget\" data-widget_type=\"image.default\">\n\t\t\t\t<div class=\"elementor-widget-container\">\n\t\t\t\t\t\t\t\t\t\t\t\t\t\t\t<img fetchpriority=\"high\" decoding=\"async\" width=\"800\" height=\"800\" src=\"https:\/\/dentystawarka.pl\/wp-content\/uploads\/2023\/11\/shutterstock_139941721.jpg\" class=\"attachment-large size-large wp-image-283\" alt=\"\" srcset=\"https:\/\/dentystawarka.pl\/wp-content\/uploads\/2023\/11\/shutterstock_139941721.jpg 1000w, https:\/\/dentystawarka.pl\/wp-content\/uploads\/2023\/11\/shutterstock_139941721-300x300.jpg 300w, https:\/\/dentystawarka.pl\/wp-content\/uploads\/2023\/11\/shutterstock_139941721-150x150.jpg 150w, https:\/\/dentystawarka.pl\/wp-content\/uploads\/2023\/11\/shutterstock_139941721-768x768.jpg 768w\" sizes=\"(max-width: 800px) 100vw, 800px\" \/>\t\t\t\t\t\t\t\t\t\t\t\t\t\t\t<\/div>\n\t\t\t\t<\/div>\n\t\t\t\t\t<\/div>\n\t\t<\/div>\n\t\t\t\t\t<\/div>\n\t\t<\/section>\n\t\t\t\t<section class=\"elementor-section elementor-top-section elementor-element elementor-element-a2dbeb9 elementor-section-full_width elementor-section-height-default elementor-section-height-default\" data-id=\"a2dbeb9\" data-element_type=\"section\" data-settings=\"{&quot;background_background&quot;:&quot;classic&quot;}\">\n\t\t\t\t\t\t<div class=\"elementor-container elementor-column-gap-wider\">\n\t\t\t\t\t<div class=\"elementor-column elementor-col-50 elementor-top-column elementor-element elementor-element-46895a0\" data-id=\"46895a0\" data-element_type=\"column\">\n\t\t\t<div class=\"elementor-widget-wrap elementor-element-populated\">\n\t\t\t\t\t\t<div class=\"elementor-element elementor-element-fcf33a7 elementor-hidden-mobile elementor-widget elementor-widget-image\" data-id=\"fcf33a7\" data-element_type=\"widget\" data-widget_type=\"image.default\">\n\t\t\t\t<div class=\"elementor-widget-container\">\n\t\t\t\t\t\t\t\t\t\t\t\t\t\t\t<img decoding=\"async\" width=\"768\" height=\"1024\" src=\"https:\/\/dentystawarka.pl\/wp-content\/uploads\/2024\/01\/image1-1-768x1024.jpeg\" class=\"attachment-large size-large wp-image-514\" alt=\"\" srcset=\"https:\/\/dentystawarka.pl\/wp-content\/uploads\/2024\/01\/image1-1-768x1024.jpeg 768w, https:\/\/dentystawarka.pl\/wp-content\/uploads\/2024\/01\/image1-1-225x300.jpeg 225w, https:\/\/dentystawarka.pl\/wp-content\/uploads\/2024\/01\/image1-1-1152x1536.jpeg 1152w, https:\/\/dentystawarka.pl\/wp-content\/uploads\/2024\/01\/image1-1-1536x2048.jpeg 1536w, https:\/\/dentystawarka.pl\/wp-content\/uploads\/2024\/01\/image1-1-scaled.jpeg 1920w\" sizes=\"(max-width: 768px) 100vw, 768px\" \/>\t\t\t\t\t\t\t\t\t\t\t\t\t\t\t<\/div>\n\t\t\t\t<\/div>\n\t\t\t\t<div class=\"elementor-element elementor-element-68d20a3 elementor-widget elementor-widget-image\" data-id=\"68d20a3\" data-element_type=\"widget\" data-widget_type=\"image.default\">\n\t\t\t\t<div class=\"elementor-widget-container\">\n\t\t\t\t\t\t\t\t\t\t\t\t\t\t\t<img decoding=\"async\" width=\"768\" height=\"1024\" src=\"https:\/\/dentystawarka.pl\/wp-content\/uploads\/2024\/01\/image22-768x1024.jpeg\" class=\"attachment-large size-large wp-image-515\" alt=\"\" srcset=\"https:\/\/dentystawarka.pl\/wp-content\/uploads\/2024\/01\/image22-768x1024.jpeg 768w, https:\/\/dentystawarka.pl\/wp-content\/uploads\/2024\/01\/image22-225x300.jpeg 225w, https:\/\/dentystawarka.pl\/wp-content\/uploads\/2024\/01\/image22-1152x1536.jpeg 1152w, https:\/\/dentystawarka.pl\/wp-content\/uploads\/2024\/01\/image22-1536x2048.jpeg 1536w, https:\/\/dentystawarka.pl\/wp-content\/uploads\/2024\/01\/image22-scaled.jpeg 1920w\" sizes=\"(max-width: 768px) 100vw, 768px\" \/>\t\t\t\t\t\t\t\t\t\t\t\t\t\t\t<\/div>\n\t\t\t\t<\/div>\n\t\t\t\t<div class=\"elementor-element elementor-element-85c7051 elementor-widget__width-auto elementor-absolute elementor-view-default elementor-widget elementor-widget-icon\" data-id=\"85c7051\" data-element_type=\"widget\" data-settings=\"{&quot;_position&quot;:&quot;absolute&quot;}\" data-widget_type=\"icon.default\">\n\t\t\t\t<div class=\"elementor-widget-container\">\n\t\t\t\t\t\t\t<div class=\"elementor-icon-wrapper\">\n\t\t\t<div class=\"elementor-icon\">\n\t\t\t<svg xmlns=\"http:\/\/www.w3.org\/2000\/svg\" width=\"1200pt\" height=\"1200pt\" viewBox=\"0 0 1200 1200\"><g><path d=\"m488.41 905.34c-27.844 0.003906-53.223-18.07-64.121-46.922-20.566-54.434-52.457-86.934-85.309-86.934-32.852 0-64.742 32.5-85.309 86.934-12.391 32.801-43.508 51.676-75.676 45.887-31.762-5.7148-55.617-34.125-58.012-69.09-4.6523-67.922-8.0078-116.99-28.348-193.33-25.258-94.809-63.426-238.08 50.418-331.7 22.246-18.293 51.227-20.527 75.633-5.8281 39.676 23.895 202.91 23.895 242.59 0 24.406-14.695 53.387-12.465 75.633 5.8281 113.84 93.617 75.676 236.89 50.418 331.7-20.34 76.34-23.695 125.41-28.348 193.33-2.3945 34.965-26.246 63.379-58.012 69.09-3.8789 0.69531-7.7422 1.0352-11.555 1.0352zm-149.43-160.52c45.059 0 85.246 37.969 110.26 104.18 7.9023 20.914 26.391 32.594 46.008 29.062 20.027-3.6055 34.547-21.555 36.129-44.668 4.7539-69.406 8.1836-119.55 29.18-198.38 31.098-116.73 51.316-227.84-41.586-304.24-13.668-11.238-30.047-12.547-44.938-3.582-49.223 29.648-220.88 29.652-270.1 0-14.887-8.9688-31.266-7.6602-44.934 3.582-92.902 76.402-72.684 187.51-41.59 304.24 21 78.824 24.434 128.97 29.18 198.38 1.5859 23.113 16.102 41.062 36.129 44.668 19.625 3.5352 38.113-8.1484 46.012-29.062 25.012-66.207 65.199-104.18 110.25-104.18z\"><\/path><path d=\"m711.6 905.34c-3.8164 0-7.6758-0.33984-11.555-1.0391-31.762-5.7148-55.617-34.129-58.012-69.09-4.6523-67.922-8.0117-117-28.344-193.33-25.258-94.809-63.426-238.08 50.414-331.7 22.242-18.293 51.223-20.527 75.633-5.8281 39.672 23.898 202.91 23.898 242.58 0 24.402-14.695 53.383-12.465 75.633 5.8281 113.84 93.621 75.676 236.89 50.414 331.71-20.34 76.348-23.695 125.41-28.344 193.33-2.3945 34.965-26.25 63.379-58.012 69.09-32.18 5.7969-63.285-13.078-75.68-45.887-20.562-54.434-52.453-86.934-85.309-86.934-32.852 0-64.742 32.5-85.309 86.934-10.891 28.852-36.273 46.922-64.113 46.922zm-5.7617-584.05c-8.625 0-17.133 3.1797-24.793 9.4805-92.906 76.402-72.684 187.51-41.59 304.24 20.996 78.82 24.43 128.96 29.18 198.38 1.582 23.113 16.102 41.062 36.129 44.668 19.59 3.5234 38.105-8.1484 46.004-29.062 25.012-66.207 65.199-104.18 110.26-104.18 45.059 0 85.246 37.969 110.26 104.18 7.8984 20.91 26.391 32.59 46.008 29.062 20.027-3.6055 34.547-21.555 36.129-44.668 4.75-69.402 8.1797-119.55 29.18-198.38 31.094-116.73 51.312-227.84-41.59-304.24-13.672-11.238-30.055-12.547-44.938-3.582-49.223 29.645-220.88 29.648-270.1 0-6.5352-3.9414-13.371-5.8984-20.133-5.8984zm283.36-5.5234h0.027343z\"><\/path><path d=\"m434.11 636.68h-190.27c-7.3633 0-13.332-5.9688-13.332-13.332v-139.34c0-7.3633 5.9688-13.332 13.332-13.332h190.27c7.3633 0 13.332 5.9688 13.332 13.332v139.34c0 7.3672-5.9648 13.332-13.332 13.332zm-176.94-26.664h163.61v-112.68h-163.61v112.68z\"><\/path><path d=\"m956.16 636.68h-190.27c-7.3672 0-13.332-5.9688-13.332-13.332v-139.34c0-7.3633 5.9688-13.332 13.332-13.332h190.27c7.3672 0 13.332 5.9688 13.332 13.332v139.34c0 7.3672-5.9688 13.332-13.332 13.332zm-176.94-26.664h163.61v-112.68h-163.61z\"><\/path><path d=\"m1173.4 541.92h-217.28c-7.3672 0-13.332-5.9688-13.332-13.332 0-7.3633 5.9688-13.332 13.332-13.332h217.28c7.3672 0 13.332 5.9688 13.332 13.332 0 7.3594-5.9688 13.332-13.332 13.332zm-407.55 0h-331.78c-7.3633 0-13.332-5.9688-13.332-13.332 0-7.3633 5.9688-13.332 13.332-13.332h331.78c7.3672 0 13.332 5.9688 13.332 13.332 0.003906 7.3594-5.9609 13.332-13.328 13.332zm-522.05 0h-217.28c-7.3633 0-13.332-5.9688-13.332-13.332 0-7.3633 5.9688-13.332 13.332-13.332h217.28c7.3633 0 13.332 5.9688 13.332 13.332 0.003906 7.3594-5.9688 13.332-13.332 13.332z\"><\/path><path d=\"m1173.4 592.11h-217.28c-7.3672 0-13.332-5.9688-13.332-13.332s5.9688-13.332 13.332-13.332h217.28c7.3672 0 13.332 5.9688 13.332 13.332 0 7.3594-5.9688 13.332-13.332 13.332zm-407.55 0h-331.78c-7.3633 0-13.332-5.9688-13.332-13.332s5.9688-13.332 13.332-13.332h331.78c7.3672 0 13.332 5.9688 13.332 13.332 0.003906 7.3594-5.9609 13.332-13.328 13.332zm-522.05 0h-217.28c-7.3633 0-13.332-5.9688-13.332-13.332s5.9688-13.332 13.332-13.332h217.28c7.3633 0 13.332 5.9688 13.332 13.332 0.003906 7.3594-5.9688 13.332-13.332 13.332z\"><\/path><path d=\"m338.97 636.68c-7.3633 0-13.332-5.9688-13.332-13.332v-139.34c0-7.3633 5.9688-13.332 13.332-13.332 7.3633 0 13.332 5.9688 13.332 13.332v139.34c0.003906 7.3672-5.9688 13.332-13.332 13.332z\"><\/path><path d=\"m861.03 636.68c-7.3672 0-13.332-5.9688-13.332-13.332v-139.34c0-7.3633 5.9688-13.332 13.332-13.332 7.3672 0 13.332 5.9688 13.332 13.332v139.34c0 7.3672-5.9727 13.332-13.332 13.332z\"><\/path><\/g><\/svg>\t\t\t<\/div>\n\t\t<\/div>\n\t\t\t\t\t\t<\/div>\n\t\t\t\t<\/div>\n\t\t\t\t<div class=\"elementor-element elementor-element-de6851c elementor-widget__width-auto elementor-absolute elementor-view-default elementor-widget elementor-widget-icon\" data-id=\"de6851c\" data-element_type=\"widget\" data-settings=\"{&quot;_position&quot;:&quot;absolute&quot;}\" data-widget_type=\"icon.default\">\n\t\t\t\t<div class=\"elementor-widget-container\">\n\t\t\t\t\t\t\t<div class=\"elementor-icon-wrapper\">\n\t\t\t<div class=\"elementor-icon\">\n\t\t\t<svg xmlns=\"http:\/\/www.w3.org\/2000\/svg\" width=\"1200pt\" height=\"1200pt\" viewBox=\"0 0 1200 1200\"><g><path d=\"m278.88 63.238c-72.48 0-131.4 58.922-131.4 131.4 0 68.398 52.559 124.8 119.4 130.8v71.039c-19.078 5.2812-33.238 22.68-33.238 43.441v651.72c0 24.961 20.281 45.238 45.238 45.238 24.961 0 45.238-20.281 45.238-45.238l0.003906-651.71c0-20.762-14.16-38.16-33.238-43.441v-71.039c66.84-6.1211 119.4-62.398 119.4-130.8 0-72.48-58.922-131.4-131.4-131.4zm0 1049.5c-11.762 0-21.238-9.4805-21.238-21.238v-75h42.48v75c0 11.758-9.6016 21.238-21.242 21.238zm21.242-672.84v552.72h-42.48v-552.72c0-11.762 9.4805-21.238 21.238-21.238 11.641-0.003906 21.242 9.4766 21.242 21.238zm-21.242-137.88c-59.281 0-107.4-48.238-107.4-107.4 0-59.281 48.238-107.4 107.4-107.4s107.4 48.238 107.4 107.4c0.003906 59.281-48.117 107.4-107.4 107.4z\"><\/path><path d=\"m1052.5 194.64c0-72.48-58.922-131.4-131.4-131.4-6.6016 0-12 5.3984-12 12 0 6.6016 5.3984 12 12 12 59.281 0 107.4 48.238 107.4 107.4 0 59.281-48.238 107.4-107.4 107.4-6.6016 0-12 5.3984-12 12v82.32c-19.078 5.2812-33.238 22.68-33.238 43.441v651.72c0 24.961 20.281 45.238 45.238 45.238 24.961 0 45.238-20.281 45.238-45.238v-651.6c0-20.762-14.16-38.16-33.238-43.441v-71.039c66.84-6 119.4-62.402 119.4-130.8zm-131.4 918.12c-11.762 0-21.238-9.4805-21.238-21.238v-75h42.48v75c-0.003906 11.758-9.4844 21.238-21.242 21.238zm21.238-672.84v552.72h-42.48v-552.72c0-11.762 9.4805-21.238 21.238-21.238 11.762-0.003906 21.242 9.4766 21.242 21.238z\"><\/path><path d=\"m668.64 173.4-128.76-77.398c-5.6406-3.4805-13.078-1.5586-16.441 4.0781-3.3594 5.6406-1.5586 13.078 4.0781 16.441l116.52 70.078-55.078 64.199c-1.9219 2.1602-2.8789 4.9219-2.8789 7.8008v138.48c-18.121 5.8789-31.32 22.801-31.32 42.84v651.72c0 24.961 20.281 45.238 45.238 45.238 24.961 0 45.238-20.281 45.238-45.238l0.003906-651.71c0-21.48-15.121-39.48-35.16-44.039v-132.84l61.441-71.641c2.2812-2.6406 3.3594-6.2383 2.7617-9.7188-0.60156-3.3594-2.6406-6.4805-5.6406-8.2812zm-68.641 939.36c-11.762 0-21.238-9.4805-21.238-21.238v-75h42.48v75c-0.003907 11.758-9.4805 21.238-21.242 21.238zm21.238-672.84v552.72h-42.48l0.003907-552.72c0-11.762 9.4805-21.238 21.238-21.238 11.762-0.003906 21.238 9.4766 21.238 21.238z\"><\/path><path d=\"m269.88 126.12c-6.7188-0.23828-12.121 4.9219-12.359 11.641-0.23828 6.6016 4.9219 12.121 11.641 12.359 0.48047 0 44.52 1.9219 53.16 36.238 1.3203 5.3984 6.2383 9.1211 11.641 9.1211 0.96094 0 1.9219-0.12109 2.8789-0.35938 6.4805-1.5586 10.32-8.1602 8.7617-14.52-13.082-51.84-73.203-54.363-75.723-54.48z\"><\/path><\/g><\/svg>\t\t\t<\/div>\n\t\t<\/div>\n\t\t\t\t\t\t<\/div>\n\t\t\t\t<\/div>\n\t\t\t\t\t<\/div>\n\t\t<\/div>\n\t\t\t\t<div class=\"elementor-column elementor-col-50 elementor-top-column elementor-element elementor-element-a3cf646\" data-id=\"a3cf646\" data-element_type=\"column\" data-settings=\"{&quot;background_background&quot;:&quot;classic&quot;}\">\n\t\t\t<div class=\"elementor-widget-wrap elementor-element-populated\">\n\t\t\t\t\t\t\t<\/div>\n\t\t<\/div>\n\t\t\t\t\t<\/div>\n\t\t<\/section>\n\t\t\t\t<\/div>\n\t\t","protected":false},"excerpt":{"rendered":"<p>Zapraszamy do naszej nowoczesnej kliniki stomatologii i ortodoncji! Stworzyli\u015bmy dla Pa\u0144stwa miejsce, wyposa\u017cenie w najwy\u017cszej \u00a0klasy sprz\u0119t medyczny. Miejsce, w kt\u00f3rym do\u015bwiadczony zesp\u00f3\u0142 lekarzy uczyni wszystko, aby leczenie przebiega\u0142o w atmosferze komfortu, spokoju oraz pe\u0142nej satysfakcji. Wsp\u00f3lnie zadbamy o Pa\u0144stwa pi\u0119kny u\u015bmiech. Ma\u0142gorzata P\u0142echa Wi\u0119cej o nas<\/p>\n","protected":false},"author":1,"featured_media":0,"parent":0,"menu_order":0,"comment_status":"closed","ping_status":"closed","template":"","meta":{"inline_featured_image":false,"footnotes":""},"class_list":["post-558","page","type-page","status-publish","hentry"],"_links":{"self":[{"href":"https:\/\/dentystawarka.pl\/index.php?rest_route=\/wp\/v2\/pages\/558","targetHints":{"allow":["GET"]}}],"collection":[{"href":"https:\/\/dentystawarka.pl\/index.php?rest_route=\/wp\/v2\/pages"}],"about":[{"href":"https:\/\/dentystawarka.pl\/index.php?rest_route=\/wp\/v2\/types\/page"}],"author":[{"embeddable":true,"href":"https:\/\/dentystawarka.pl\/index.php?rest_route=\/wp\/v2\/users\/1"}],"replies":[{"embeddable":true,"href":"https:\/\/dentystawarka.pl\/index.php?rest_route=%2Fwp%2Fv2%2Fcomments&post=558"}],"version-history":[{"count":130,"href":"https:\/\/dentystawarka.pl\/index.php?rest_route=\/wp\/v2\/pages\/558\/revisions"}],"predecessor-version":[{"id":866,"href":"https:\/\/dentystawarka.pl\/index.php?rest_route=\/wp\/v2\/pages\/558\/revisions\/866"}],"wp:attachment":[{"href":"https:\/\/dentystawarka.pl\/index.php?rest_route=%2Fwp%2Fv2%2Fmedia&parent=558"}],"curies":[{"name":"wp","href":"https:\/\/api.w.org\/{rel}","templated":true}]}}